{"id":19884,"date":"2024-11-14T11:41:53","date_gmt":"2024-11-14T11:41:53","guid":{"rendered":"https:\/\/test.nestshostels.com\/home\/"},"modified":"2026-01-05T12:21:49","modified_gmt":"2026-01-05T12:21:49","slug":"home","status":"publish","type":"page","link":"https:\/\/test.nestshostels.com\/de\/","title":{"rendered":"Home"},"content":{"rendered":"\n<h1 class=\"wp-block-heading\">Willkommen bei Nests Hostales Tenerife!<\/h1>\n\n<p>Wo jeder Tag ein unvergessliches und spa\u00dfiges Abenteuer ist.<\/p>\n\n<hr class=\"wp-block-separator has-alpha-channel-opacity\"\/>\n\n<h2 class=\"wp-block-heading\">Viel mehr als nur eine einfache Unterkunft<\/h2>\n\n<p>Im Nests Hostal geben wir unser Bestes, um viel mehr als nur eine Unterkunft zu bieten; wir schaffen Erlebnisse! Unser spezialisiertes Team organisiert Events und Aktivit\u00e4ten, die jeden Aufenthalt zu einem einzigartigen Abenteuer machen.<\/p>\n\n<hr class=\"wp-block-separator has-alpha-channel-opacity\"\/>\n\n<h2 class=\"wp-block-heading\">Bist du bereit f\u00fcr das Abenteuer?<\/h2>\n\n<p>Hier ist f\u00fcr jeden etwas dabei:<\/p>\n\n<p><strong>\ud83e\udd7e Aufregende Ausfl\u00fcge<\/strong><br\/>Trekking, gef\u00fchrte Touren und vieles mehr.<\/p>\n\n<p><strong>\ud83e\uddfa Picknicks mit spektakul\u00e4ren Aussichten<\/strong><br\/>Genie\u00df die Natur mit den besten Aussichten auf Teneriffa.<\/p>\n\n<p><strong>\ud83c\udfc4 Surfe die Wellen!<\/strong><br\/>Surfkurse, Kitesurfen und SUP f\u00fcr alle Levels.<\/p>\n\n<p><strong>\ud83e\udd3f Tauche ein in die wunderbare Unterwasserwelt<\/strong><br\/>Schnorcheln und Tauchen, um die kanarischen Gew\u00e4sser zu erkunden.<\/p>\n\n<p><strong>\ud83c\udf7d\ufe0f Genie\u00dfe die k\u00f6stliche lokale K\u00fcche<\/strong><br\/>Entdecke die echten Aromen von Teneriffa.<\/p>\n\n<p><strong>\ud83c\udf89 Tanz- und Pincho-Nacht!<\/strong><br\/>Eine Feier voller Aromen und Rhythmen.<\/p>\n\n<p><strong>\ud83c\udfad Themenpartys<\/strong><br\/>Spa\u00df und Lachen sind garantiert!<\/p>\n\n<hr class=\"wp-block-separator has-alpha-channel-opacity\"\/>\n\n<h2 class=\"wp-block-heading\">Und das ist erst der Anfang&#8230;<\/h2>\n\n<p>In Nests Hostels bringt jeder Tag etwas Neues und Aufregendes. Komm mit uns nach Tenerife und mach dich bereit f\u00fcr Geschichten, die du immer wieder erz\u00e4hlen willst.<\/p>\n\n<p><strong><a href=\"https:\/\/test.nestshostels.com\/de\/experiencias-nests-hostel-tenerife\/\">Entdecke alle Erfahrungen<\/a><\/strong><br\/><strong><a href=\"https:\/\/test.nestshostels.com\/de\/nest-pass\/\">Entdecke den Nest Pass<\/a><\/strong><\/p>\n\n<p><\/p>\n\n<h2 class=\"wp-block-heading\">\ud83c\udf08 Ein Ort f\u00fcr alle<\/h2>\n\n<p>Unser Zuhause ist ein Zufluchtsort f\u00fcr alle Farben des Regenbogens. Willkommen im gem\u00fctlichsten Hostel, wo Liebe unsere Amtssprache ist und Vielfalt unsere Spezialit\u00e4t.<\/p>\n\n<p>Wir hei\u00dfen Herzen in allen Formen und Gr\u00f6\u00dfen willkommen!<\/p>\n\n<p><strong>Sei du selbst, \u00a1denn hier ist Respekt zuhause!<\/strong><\/p>\n","protected":false},"excerpt":{"rendered":"<p>Willkommen bei Nests Hostales Tenerife! Wo jeder Tag ein unvergessliches und spa\u00dfiges Abenteuer ist. Viel mehr als nur eine einfache Unterkunft Im Nests Hostal geben wir unser Bestes, um viel mehr als nur eine Unterkunft zu bieten; wir schaffen Erlebnisse! Unser spezialisiertes Team organisiert Events und Aktivit\u00e4ten, die jeden Aufenthalt zu einem einzigartigen Abenteuer machen.<a href=\"https:\/\/test.nestshostels.com\/de\/\">Continue reading <span class=\"sr-only\">&#8222;Home&#8220;<\/span><\/a><\/p>\n","protected":false},"author":3,"featured_media":20408,"parent":0,"menu_order":0,"comment_status":"closed","ping_status":"closed","template":"","meta":{"footnotes":""},"class_list":["post-19884","page","type-page","status-publish","has-post-thumbnail","hentry"],"acf":[],"yoast_head":"<!-- This site is optimized with the Yoast SEO plugin v27.1.1 - https:\/\/yoast.com\/product\/yoast-seo-wordpress\/ -->\n<title>Hostels Teneriffa, Gran Canaria und Ibiza | Nest Pass - Nests Hostels<\/title>\n<meta name=\"description\" content=\"10+ Hostels in den Kanaren und Ibiza f\u00fcr Backpacker und digitale Nomaden. Spare 30% mit dem Nest Pass. Costa Adeje, Puerto de la Cruz, Las Palmas, Ibiza und mehr. Buche direkt, bester Preis garantiert!\" \/>\n<meta name=\"robots\" content=\"index, follow, max-snippet:-1, max-image-preview:large, max-video-preview:-1\" \/>\n<link rel=\"canonical\" href=\"https:\/\/test.nestshostels.com\/de\/\" \/>\n<meta property=\"og:locale\" content=\"de_DE\" \/>\n<meta property=\"og:type\" content=\"article\" \/>\n<meta property=\"og:title\" content=\"10+ Hostels auf Teneriffa, Gran Canaria und Ibiza | Nest Pass | Nests Hostels\" \/>\n<meta property=\"og:description\" content=\"Deine Reisekommunity auf den Kanaren. 11 Hostels, 1 Nest Pass, unendliche Abenteuer. Spare 30% und reise frei zwischen den Inseln. \ud83c\udf34\u2728\" \/>\n<meta property=\"og:url\" content=\"https:\/\/test.nestshostels.com\/de\/\" \/>\n<meta property=\"og:site_name\" content=\"Nests Hostels\" \/>\n<meta property=\"article:modified_time\" content=\"2026-01-05T12:21:49+00:00\" \/>\n<meta property=\"og:image\" content=\"https:\/\/nestshostels.com\/wp-content\/uploads\/2025\/10\/dos_islas_one_pass.jpg\" \/>\n\t<meta property=\"og:image:width\" content=\"1200\" \/>\n\t<meta property=\"og:image:height\" content=\"628\" \/>\n\t<meta property=\"og:image:type\" content=\"image\/jpeg\" \/>\n<meta name=\"twitter:card\" content=\"summary_large_image\" \/>\n<meta name=\"twitter:title\" content=\"10+ Hostels auf Teneriffa, Gran Canaria und Ibiza | Nest Pass | Nests Hostels\" \/>\n<meta name=\"twitter:description\" content=\"Deine Reisekommunity auf den Kanaren. 11 Hostels, 1 Nest Pass, unendliche Abenteuer. Spare 30% und reise frei zwischen den Inseln. \ud83c\udf34\u2728\" \/>\n<meta name=\"twitter:image\" content=\"https:\/\/test.nestshostels.com\/wp-content\/uploads\/2025\/10\/dos_islas_one_pass.jpg\" \/>\n<meta name=\"twitter:label1\" content=\"Gesch\u00e4tzte Lesezeit\" \/>\n\t<meta name=\"twitter:data1\" content=\"2\u00a0Minuten\" \/>\n<script type=\"application\/ld+json\" class=\"yoast-schema-graph\">{\"@context\":\"https:\/\/schema.org\",\"@graph\":[{\"@type\":\"WebPage\",\"@id\":\"https:\/\/test.nestshostels.com\/de\/\",\"url\":\"https:\/\/test.nestshostels.com\/de\/\",\"name\":\"Hostels Teneriffa, Gran Canaria und Ibiza | Nest Pass - Nests Hostels\",\"isPartOf\":{\"@id\":\"https:\/\/nestshostels.com\/#website\"},\"primaryImageOfPage\":{\"@id\":\"https:\/\/test.nestshostels.com\/de\/#primaryimage\"},\"image\":{\"@id\":\"https:\/\/test.nestshostels.com\/de\/#primaryimage\"},\"thumbnailUrl\":\"https:\/\/test.nestshostels.com\/wp-content\/uploads\/2025\/10\/dos_islas_one_pass.jpg\",\"datePublished\":\"2024-11-14T11:41:53+00:00\",\"dateModified\":\"2026-01-05T12:21:49+00:00\",\"description\":\"10+ Hostels in den Kanaren und Ibiza f\u00fcr Backpacker und digitale Nomaden. Spare 30% mit dem Nest Pass. Costa Adeje, Puerto de la Cruz, Las Palmas, Ibiza und mehr. Buche direkt, bester Preis garantiert!\",\"breadcrumb\":{\"@id\":\"https:\/\/test.nestshostels.com\/de\/#breadcrumb\"},\"inLanguage\":\"de\",\"potentialAction\":[{\"@type\":\"ReadAction\",\"target\":[\"https:\/\/test.nestshostels.com\/de\/\"]}]},{\"@type\":\"ImageObject\",\"inLanguage\":\"de\",\"@id\":\"https:\/\/test.nestshostels.com\/de\/#primaryimage\",\"url\":\"https:\/\/test.nestshostels.com\/wp-content\/uploads\/2025\/10\/dos_islas_one_pass.jpg\",\"contentUrl\":\"https:\/\/test.nestshostels.com\/wp-content\/uploads\/2025\/10\/dos_islas_one_pass.jpg\",\"width\":1200,\"height\":628,\"caption\":\"10+ Hostels en Tenerife, Gran Canaria e Ibiza | Nest Pass | Nests Hostels\"},{\"@type\":\"BreadcrumbList\",\"@id\":\"https:\/\/test.nestshostels.com\/de\/#breadcrumb\",\"itemListElement\":[{\"@type\":\"ListItem\",\"position\":1,\"name\":\"Portada\",\"item\":\"https:\/\/nestshostels.com\/de\/\"},{\"@type\":\"ListItem\",\"position\":2,\"name\":\"Home\"}]},{\"@type\":\"WebSite\",\"@id\":\"https:\/\/nestshostels.com\/#website\",\"url\":\"https:\/\/nestshostels.com\/\",\"name\":\"Nests Hostels\",\"description\":\"Tenerife Hostels for Travellers &amp; Digital Nomads\",\"potentialAction\":[{\"@type\":\"SearchAction\",\"target\":{\"@type\":\"EntryPoint\",\"urlTemplate\":\"https:\/\/nestshostels.com\/?s={search_term_string}\"},\"query-input\":{\"@type\":\"PropertyValueSpecification\",\"valueRequired\":true,\"valueName\":\"search_term_string\"}}],\"inLanguage\":\"de\"}]}<\/script>\n<!-- \/ Yoast SEO plugin. -->","yoast_head_json":{"title":"Hostels Teneriffa, Gran Canaria und Ibiza | Nest Pass - Nests Hostels","description":"10+ Hostels in den Kanaren und Ibiza f\u00fcr Backpacker und digitale Nomaden. Spare 30% mit dem Nest Pass. Costa Adeje, Puerto de la Cruz, Las Palmas, Ibiza und mehr. Buche direkt, bester Preis garantiert!","robots":{"index":"index","follow":"follow","max-snippet":"max-snippet:-1","max-image-preview":"max-image-preview:large","max-video-preview":"max-video-preview:-1"},"canonical":"https:\/\/test.nestshostels.com\/de\/","og_locale":"de_DE","og_type":"article","og_title":"10+ Hostels auf Teneriffa, Gran Canaria und Ibiza | Nest Pass | Nests Hostels","og_description":"Deine Reisekommunity auf den Kanaren. 11 Hostels, 1 Nest Pass, unendliche Abenteuer. Spare 30% und reise frei zwischen den Inseln. \ud83c\udf34\u2728","og_url":"https:\/\/test.nestshostels.com\/de\/","og_site_name":"Nests Hostels","article_modified_time":"2026-01-05T12:21:49+00:00","og_image":[{"width":1200,"height":628,"url":"https:\/\/nestshostels.com\/wp-content\/uploads\/2025\/10\/dos_islas_one_pass.jpg","type":"image\/jpeg"}],"twitter_card":"summary_large_image","twitter_title":"10+ Hostels auf Teneriffa, Gran Canaria und Ibiza | Nest Pass | Nests Hostels","twitter_description":"Deine Reisekommunity auf den Kanaren. 11 Hostels, 1 Nest Pass, unendliche Abenteuer. Spare 30% und reise frei zwischen den Inseln. \ud83c\udf34\u2728","twitter_image":"https:\/\/test.nestshostels.com\/wp-content\/uploads\/2025\/10\/dos_islas_one_pass.jpg","twitter_misc":{"Gesch\u00e4tzte Lesezeit":"2\u00a0Minuten"},"schema":{"@context":"https:\/\/schema.org","@graph":[{"@type":"WebPage","@id":"https:\/\/test.nestshostels.com\/de\/","url":"https:\/\/test.nestshostels.com\/de\/","name":"Hostels Teneriffa, Gran Canaria und Ibiza | Nest Pass - Nests Hostels","isPartOf":{"@id":"https:\/\/nestshostels.com\/#website"},"primaryImageOfPage":{"@id":"https:\/\/test.nestshostels.com\/de\/#primaryimage"},"image":{"@id":"https:\/\/test.nestshostels.com\/de\/#primaryimage"},"thumbnailUrl":"https:\/\/test.nestshostels.com\/wp-content\/uploads\/2025\/10\/dos_islas_one_pass.jpg","datePublished":"2024-11-14T11:41:53+00:00","dateModified":"2026-01-05T12:21:49+00:00","description":"10+ Hostels in den Kanaren und Ibiza f\u00fcr Backpacker und digitale Nomaden. Spare 30% mit dem Nest Pass. Costa Adeje, Puerto de la Cruz, Las Palmas, Ibiza und mehr. Buche direkt, bester Preis garantiert!","breadcrumb":{"@id":"https:\/\/test.nestshostels.com\/de\/#breadcrumb"},"inLanguage":"de","potentialAction":[{"@type":"ReadAction","target":["https:\/\/test.nestshostels.com\/de\/"]}]},{"@type":"ImageObject","inLanguage":"de","@id":"https:\/\/test.nestshostels.com\/de\/#primaryimage","url":"https:\/\/test.nestshostels.com\/wp-content\/uploads\/2025\/10\/dos_islas_one_pass.jpg","contentUrl":"https:\/\/test.nestshostels.com\/wp-content\/uploads\/2025\/10\/dos_islas_one_pass.jpg","width":1200,"height":628,"caption":"10+ Hostels en Tenerife, Gran Canaria e Ibiza | Nest Pass | Nests Hostels"},{"@type":"BreadcrumbList","@id":"https:\/\/test.nestshostels.com\/de\/#breadcrumb","itemListElement":[{"@type":"ListItem","position":1,"name":"Portada","item":"https:\/\/nestshostels.com\/de\/"},{"@type":"ListItem","position":2,"name":"Home"}]},{"@type":"WebSite","@id":"https:\/\/nestshostels.com\/#website","url":"https:\/\/nestshostels.com\/","name":"Nests Hostels","description":"Tenerife Hostels for Travellers &amp; Digital Nomads","potentialAction":[{"@type":"SearchAction","target":{"@type":"EntryPoint","urlTemplate":"https:\/\/nestshostels.com\/?s={search_term_string}"},"query-input":{"@type":"PropertyValueSpecification","valueRequired":true,"valueName":"search_term_string"}}],"inLanguage":"de"}]}},"_links":{"self":[{"href":"https:\/\/test.nestshostels.com\/de\/wp-json\/wp\/v2\/pages\/19884","targetHints":{"allow":["GET"]}}],"collection":[{"href":"https:\/\/test.nestshostels.com\/de\/wp-json\/wp\/v2\/pages"}],"about":[{"href":"https:\/\/test.nestshostels.com\/de\/wp-json\/wp\/v2\/types\/page"}],"author":[{"embeddable":true,"href":"https:\/\/test.nestshostels.com\/de\/wp-json\/wp\/v2\/users\/3"}],"replies":[{"embeddable":true,"href":"https:\/\/test.nestshostels.com\/de\/wp-json\/wp\/v2\/comments?post=19884"}],"version-history":[{"count":2,"href":"https:\/\/test.nestshostels.com\/de\/wp-json\/wp\/v2\/pages\/19884\/revisions"}],"predecessor-version":[{"id":19918,"href":"https:\/\/test.nestshostels.com\/de\/wp-json\/wp\/v2\/pages\/19884\/revisions\/19918"}],"wp:featuredmedia":[{"embeddable":true,"href":"https:\/\/test.nestshostels.com\/de\/wp-json\/wp\/v2\/media\/20408"}],"wp:attachment":[{"href":"https:\/\/test.nestshostels.com\/de\/wp-json\/wp\/v2\/media?parent=19884"}],"curies":[{"name":"wp","href":"https:\/\/api.w.org\/{rel}","templated":true}]}}