{"id":19936,"date":"2023-04-08T17:52:33","date_gmt":"2023-04-08T16:52:33","guid":{"rendered":"https:\/\/test.nestshostels.com\/ofertas-hostal-barato-tenerife\/"},"modified":"2025-10-08T10:04:22","modified_gmt":"2025-10-08T10:04:22","slug":"ofertas-hostal-barato-tenerife","status":"publish","type":"page","link":"https:\/\/test.nestshostels.com\/de\/ofertas-hostal-barato-tenerife\/","title":{"rendered":"Unsere Angebote von 10 g\u00fcnstigen Hostels auf Teneriffa und Gran Canaria"},"content":{"rendered":"\n<h1 class=\"wp-block-heading\">Unsere Angebote<\/h1>\n\n<h3 class=\"wp-block-heading\">\u00dcber 10 Hostels auf den Inseln, in 10 verschiedenen St\u00e4dten,<br\/>entdecke alles mit dem Nest Pass!<\/h3>\n\n<p>Haupts\u00e4chlich haben wir <strong>zwei Angebote<\/strong>, die wir dir bieten k\u00f6nnen, damit du bestm\u00f6glich in unseren Hostels bleibst:<\/p>\n\n<p><strong><a href=\"#nest-pass-month\">Nest Pass Month<\/a><br\/><\/strong>(28 Tage oder mehr)<strong><br\/><\/strong> <br\/><a href=\"#nest-pass-week\" rel=\"noopener\">Nest Pass Week<\/a><br\/>(7 Tage oder mehr)<\/p>\n\n<p><\/p>\n\n<h2 class=\"wp-block-heading\">Nest Pass &#8211; Eine Buchung, Mehr Hostels<\/h2>\n\n<p>Der <strong>Nest Pass ist die Formel, die wir unseren G\u00e4sten am liebsten empfehlen<\/strong>, denn damit kannst du zwischen unseren 8 Hostels auf Teneriffa, Gran Canaria und Ibiza wechseln. <strong>Und der Nest Pass ist in w\u00f6chentliche und monatliche Optionen unterteilt<\/strong>!<\/p>\n\n<figure class=\"wp-block-image\"><img decoding=\"async\" src=\"https:\/\/test.nestshostels.com\/wp-content\/uploads\/NESTPASS_bannerhome_1920x690px-1024x368.png\" alt=\"Nest Pass - Eine Buchung f&#xFC;r alle Hostels\"\/><\/figure>\n\n<p><\/p>\n\n<h2 class=\"wp-block-heading\">Nest Pass Woche 203 \u20ac<\/h2>\n\n<p class=\"has-text-align-left\">Ab 7 Tagen (bis zu 27 Tagen) f\u00fcr nur <b>29 \u20ac pro Tag<\/b><br\/>perfekt, wenn du wenig Zeit hast und <strong>mit einer einzigen Buchung bequem zwischen mehreren St\u00e4dten der Insel reisen m\u00f6chtest<\/strong>.<\/p>\n\n<p class=\"has-text-align-left\">Reserviere bei uns und frag an der Rezeption, ob du f\u00fcr die n\u00e4chsten Tage in ein anderes Hostel wechseln kannst, so kannst du <strong>von Hostel zu Hostel, von Stadt zu Stadt.<\/strong><\/p>\n\n<p class=\"has-text-align-left\"><strong style=\"color: var( --e-global-color-97834e1 );\">Nutze immer<\/strong> unsere Services in jedem Hostel wie Handt\u00fccher, W\u00e4sche, <strong style=\"color: var( --e-global-color-97834e1 );\">WLAN,<\/strong> K\u00fcche<strong style=\"color: var( --e-global-color-97834e1 );\">, Coworking\u2026<\/strong><\/p>\n\n<p class=\"has-text-align-left\"><strong style=\"color: var( --e-global-color-97834e1 );\">\u00a0<\/strong><\/p>\n\n<p class=\"has-text-align-left\">Wir sind ein <b>preiswertes und qualitativ hochwertiges Hostel<\/b>, weil wir unseren G\u00e4sten die <b>beste Erfahrung<\/b> bieten wollen.<\/p>\n\n<p class=\"has-text-align-left\">Und wenn du denkst, es ist nur g\u00fcnstig, dann erz\u00e4hlen wir dir noch mehr \u00fcber die Vorteile des Nest Pass.<\/p>\n\n<p>Es ist 3 Monate lang g\u00fcltig, ab dem Tag deiner Buchung. Wenn du nicht alle Tage nutzt, kannst du sie innerhalb der n\u00e4chsten 90 Tage nach Lust und Laune verwenden!<\/p>\n\n<p>Es kann auf eine andere Person \u00fcbertragen werden! Wenn du es nicht nutzen kannst, kannst du es verschenken und die Inhaberschaft des Passes \u00fcbertragen&#8230; mega Vorteil!<\/p>\n\n<p class=\"has-text-align-left\">Gilt nur f\u00fcr Zimmer mit Gemeinschaftsbunkern.<\/p>\n\n<p class=\"has-text-align-left\">Es ist nicht erstattungsf\u00e4hig.<\/p>\n\n<h2 class=\"wp-block-heading\">Nest Pass Monat 700 \u20ac<br\/>Angebot f\u00fcr einen Monat oder l\u00e4nger<\/h2>\n\n<p class=\"has-text-align-left\">Die monatliche Geb\u00fchr ab 28 Tagen (bis zu 90 Tagen) kostet nur <strong>25 \u20ac pro Tag.<\/strong><\/p>\n\n<p class=\"has-text-align-left\">Einer der <strong>g\u00fcnstigsten Preise f\u00fcr ein Hostel<\/strong> auf der ganzen Insel Teneriffa.<\/p>\n\n<p><b>Dieses Angebot ist f\u00fcr alle, die lange auf der Insel bleiben<\/b>, wie digitale Nomaden oder diejenigen, die hierher gekommen sind, um zu st\u00f6bern.<\/p>\n\n<p><strong>Du kannst wieder zwischen den 10 Hostels<\/strong> auf der Insel Tenerife pendeln: Costa Adeje, Los Gigantes\/Puerto Santiago, El M\u00e9dano, La Mareta, Puerto de la Cruz, Las Eras und La Laguna\/Santa Cruz de Tenerife.<\/p>\n\n<p>Mit unseren Services wie Handt\u00fcchern, W\u00e4sche, K\u00fcche, <strong>Co-Working, Surfverleih, verschiedenen Aktivit\u00e4ten und Erlebnissen<\/strong>, die in jedem unserer <strong>preiswerten und modernen Nests Hostels<\/strong> organisiert werden.<\/p>\n\n<p>Wir wollen, dass du in <b>den besten Orten zum besten Preis<\/b> \u00fcbernachtest (darum sind unsere Hostels g\u00fcnstig und <b>in den beliebtesten St\u00e4dten der Insel<\/b> Teneriffa) und mit <b>den besten Services und Erlebnissen!<\/b> Und <b>du dich wie zu Hause f\u00fchlst<\/b>, auch wenn du in einem Hostel bist.<\/p>\n\n<p class=\"has-text-align-left\">Und wenn du denkst, es ist nur g\u00fcnstig, dann erz\u00e4hlen wir dir noch mehr \u00fcber die Vorteile des Nest Pass.<\/p>\n\n<p>Es hat eine G\u00fcltigkeit von 3 Monaten ab deiner Buchung. Wenn du nicht alle Tage verbrauchst, kannst du sie innerhalb der n\u00e4chsten 90 Tage nach Belieben nutzen!<\/p>\n\n<p>Es ist \u00fcbertragbar! Wenn du es nicht nutzen kannst, kannst du es verschenken und die Inhaberschaft des Passes \u00fcbertragen&#8230; ein tolles Plus!<\/p>\n\n<p class=\"has-text-align-left\">Gilt nur f\u00fcr Zimmer mit Gemeinschaftsbunkern.<\/p>\n\n<p class=\"has-text-align-left\">Es ist nicht erstattungsf\u00e4hig.<\/p>\n\n<h4 class=\"wp-block-heading\">Eine Buchung, mehr Hostels, mehr St\u00e4dte, mehr Emotionen und mehr Erlebnisse und Leute zum Kennenlernen!<br\/><\/h4>\n","protected":false},"excerpt":{"rendered":"<p>Unsere Angebote \u00dcber 10 Hostels auf den Inseln, in 10 verschiedenen St\u00e4dten,entdecke alles mit dem Nest Pass! Haupts\u00e4chlich haben wir zwei Angebote, die wir dir bieten k\u00f6nnen, damit du bestm\u00f6glich in unseren Hostels bleibst: Nest Pass Month(28 Tage oder mehr) Nest Pass Week(7 Tage oder mehr) Nest Pass &#8211; Eine Buchung, Mehr Hostels Der Nest<a href=\"https:\/\/test.nestshostels.com\/de\/ofertas-hostal-barato-tenerife\/\">Continue reading <span class=\"sr-only\">&#8222;Unsere Angebote von 10 g\u00fcnstigen Hostels auf Teneriffa und Gran Canaria&#8220;<\/span><\/a><\/p>\n","protected":false},"author":1,"featured_media":18116,"parent":0,"menu_order":0,"comment_status":"closed","ping_status":"closed","template":"","meta":{"footnotes":""},"class_list":["post-19936","page","type-page","status-publish","has-post-thumbnail","hentry"],"acf":[],"yoast_head":"<!-- This site is optimized with the Yoast SEO plugin v27.1.1 - https:\/\/yoast.com\/product\/yoast-seo-wordpress\/ -->\n<title>Unsere Angebote von 10 g\u00fcnstigen Hostels auf Teneriffa und Gran Canaria - Nests Hostels<\/title>\n<meta name=\"description\" content=\"G\u00fcnstige Hostels in Teneriffa, Gran Canaria und Ibiza. Buche eins und wechsle zwischen Costa Adeje, Puerto de la Cruz, El M\u00e9dano, Los Gigantes, La Laguna, Las Eras, Puerto de Santiago, Las Palmas, Ibiza...\" \/>\n<meta name=\"robots\" content=\"index, follow, max-snippet:-1, max-image-preview:large, max-video-preview:-1\" \/>\n<link rel=\"canonical\" href=\"https:\/\/test.nestshostels.com\/de\/ofertas-hostal-barato-tenerife\/\" \/>\n<meta property=\"og:locale\" content=\"de_DE\" \/>\n<meta property=\"og:type\" content=\"article\" \/>\n<meta property=\"og:title\" content=\"Unsere Angebote f\u00fcr g\u00fcnstige Hostels in Teneriffa, Gran Canaria und Ibiza\" \/>\n<meta property=\"og:description\" content=\"G\u00fcnstige Hostels in Teneriffa, Gran Canaria und Ibiza. Buche eins und wechsle zwischen Costa Adeje, Puerto de la Cruz, El M\u00e9dano, Los Gigantes, La Laguna, Las Eras, Puerto de Santiago, Las Palmas, Ibiza...\" \/>\n<meta property=\"og:url\" content=\"https:\/\/test.nestshostels.com\/de\/ofertas-hostal-barato-tenerife\/\" \/>\n<meta property=\"og:site_name\" content=\"Nests Hostels\" \/>\n<meta property=\"article:modified_time\" content=\"2025-10-08T10:04:22+00:00\" \/>\n<meta property=\"og:image\" content=\"https:\/\/nestshostels.com\/wp-content\/uploads\/map-nests-hostels-tenerife-1024x429.png\" \/>\n<meta name=\"twitter:card\" content=\"summary_large_image\" \/>\n<meta name=\"twitter:title\" content=\"Unsere Angebote von 6 g\u00fcnstigen Hostels in Teneriffa\" \/>\n<meta name=\"twitter:description\" content=\"G\u00fcnstige Hostels in Teneriffa. Buche eines und wechsle zwischen Costa Adeje, Puerto de la Cruz, El M\u00e9dano, Los Gigantes, La Laguna, Las Eras.\" \/>\n<meta name=\"twitter:image\" content=\"https:\/\/nestshostels.com\/wp-content\/uploads\/map-nests-hostels-tenerife-1024x429.png\" \/>\n<meta name=\"twitter:label1\" content=\"Gesch\u00e4tzte Lesezeit\" \/>\n\t<meta name=\"twitter:data1\" content=\"3\u00a0Minuten\" \/>\n<script type=\"application\/ld+json\" class=\"yoast-schema-graph\">{\"@context\":\"https:\/\/schema.org\",\"@graph\":[{\"@type\":\"WebPage\",\"@id\":\"https:\/\/test.nestshostels.com\/de\/ofertas-hostal-barato-tenerife\/\",\"url\":\"https:\/\/test.nestshostels.com\/de\/ofertas-hostal-barato-tenerife\/\",\"name\":\"Unsere Angebote von 10 g\u00fcnstigen Hostels auf Teneriffa und Gran Canaria - Nests Hostels\",\"isPartOf\":{\"@id\":\"https:\/\/nestshostels.com\/#website\"},\"primaryImageOfPage\":{\"@id\":\"https:\/\/test.nestshostels.com\/de\/ofertas-hostal-barato-tenerife\/#primaryimage\"},\"image\":{\"@id\":\"https:\/\/test.nestshostels.com\/de\/ofertas-hostal-barato-tenerife\/#primaryimage\"},\"thumbnailUrl\":\"https:\/\/test.nestshostels.com\/wp-content\/uploads\/NESTPASS_bannerhome_1920x690px.png\",\"datePublished\":\"2023-04-08T16:52:33+00:00\",\"dateModified\":\"2025-10-08T10:04:22+00:00\",\"description\":\"G\u00fcnstige Hostels in Teneriffa, Gran Canaria und Ibiza. Buche eins und wechsle zwischen Costa Adeje, Puerto de la Cruz, El M\u00e9dano, Los Gigantes, La Laguna, Las Eras, Puerto de Santiago, Las Palmas, Ibiza...\",\"breadcrumb\":{\"@id\":\"https:\/\/test.nestshostels.com\/de\/ofertas-hostal-barato-tenerife\/#breadcrumb\"},\"inLanguage\":\"de\",\"potentialAction\":[{\"@type\":\"ReadAction\",\"target\":[\"https:\/\/test.nestshostels.com\/de\/ofertas-hostal-barato-tenerife\/\"]}]},{\"@type\":\"ImageObject\",\"inLanguage\":\"de\",\"@id\":\"https:\/\/test.nestshostels.com\/de\/ofertas-hostal-barato-tenerife\/#primaryimage\",\"url\":\"https:\/\/test.nestshostels.com\/wp-content\/uploads\/NESTPASS_bannerhome_1920x690px.png\",\"contentUrl\":\"https:\/\/test.nestshostels.com\/wp-content\/uploads\/NESTPASS_bannerhome_1920x690px.png\",\"width\":1920,\"height\":690,\"caption\":\"Nest Pass - One booking all Hostels\"},{\"@type\":\"BreadcrumbList\",\"@id\":\"https:\/\/test.nestshostels.com\/de\/ofertas-hostal-barato-tenerife\/#breadcrumb\",\"itemListElement\":[{\"@type\":\"ListItem\",\"position\":1,\"name\":\"Portada\",\"item\":\"https:\/\/nestshostels.com\/de\/\"},{\"@type\":\"ListItem\",\"position\":2,\"name\":\"Offertas\"}]},{\"@type\":\"WebSite\",\"@id\":\"https:\/\/nestshostels.com\/#website\",\"url\":\"https:\/\/nestshostels.com\/\",\"name\":\"Nests Hostels\",\"description\":\"Tenerife Hostels for Travellers &amp; Digital Nomads\",\"potentialAction\":[{\"@type\":\"SearchAction\",\"target\":{\"@type\":\"EntryPoint\",\"urlTemplate\":\"https:\/\/nestshostels.com\/?s={search_term_string}\"},\"query-input\":{\"@type\":\"PropertyValueSpecification\",\"valueRequired\":true,\"valueName\":\"search_term_string\"}}],\"inLanguage\":\"de\"}]}<\/script>\n<!-- \/ Yoast SEO plugin. -->","yoast_head_json":{"title":"Unsere Angebote von 10 g\u00fcnstigen Hostels auf Teneriffa und Gran Canaria - Nests Hostels","description":"G\u00fcnstige Hostels in Teneriffa, Gran Canaria und Ibiza. Buche eins und wechsle zwischen Costa Adeje, Puerto de la Cruz, El M\u00e9dano, Los Gigantes, La Laguna, Las Eras, Puerto de Santiago, Las Palmas, Ibiza...","robots":{"index":"index","follow":"follow","max-snippet":"max-snippet:-1","max-image-preview":"max-image-preview:large","max-video-preview":"max-video-preview:-1"},"canonical":"https:\/\/test.nestshostels.com\/de\/ofertas-hostal-barato-tenerife\/","og_locale":"de_DE","og_type":"article","og_title":"Unsere Angebote f\u00fcr g\u00fcnstige Hostels in Teneriffa, Gran Canaria und Ibiza","og_description":"G\u00fcnstige Hostels in Teneriffa, Gran Canaria und Ibiza. Buche eins und wechsle zwischen Costa Adeje, Puerto de la Cruz, El M\u00e9dano, Los Gigantes, La Laguna, Las Eras, Puerto de Santiago, Las Palmas, Ibiza...","og_url":"https:\/\/test.nestshostels.com\/de\/ofertas-hostal-barato-tenerife\/","og_site_name":"Nests Hostels","article_modified_time":"2025-10-08T10:04:22+00:00","og_image":[{"url":"https:\/\/nestshostels.com\/wp-content\/uploads\/map-nests-hostels-tenerife-1024x429.png","type":"","width":"","height":""}],"twitter_card":"summary_large_image","twitter_title":"Unsere Angebote von 6 g\u00fcnstigen Hostels in Teneriffa","twitter_description":"G\u00fcnstige Hostels in Teneriffa. Buche eines und wechsle zwischen Costa Adeje, Puerto de la Cruz, El M\u00e9dano, Los Gigantes, La Laguna, Las Eras.","twitter_image":"https:\/\/nestshostels.com\/wp-content\/uploads\/map-nests-hostels-tenerife-1024x429.png","twitter_misc":{"Gesch\u00e4tzte Lesezeit":"3\u00a0Minuten"},"schema":{"@context":"https:\/\/schema.org","@graph":[{"@type":"WebPage","@id":"https:\/\/test.nestshostels.com\/de\/ofertas-hostal-barato-tenerife\/","url":"https:\/\/test.nestshostels.com\/de\/ofertas-hostal-barato-tenerife\/","name":"Unsere Angebote von 10 g\u00fcnstigen Hostels auf Teneriffa und Gran Canaria - Nests Hostels","isPartOf":{"@id":"https:\/\/nestshostels.com\/#website"},"primaryImageOfPage":{"@id":"https:\/\/test.nestshostels.com\/de\/ofertas-hostal-barato-tenerife\/#primaryimage"},"image":{"@id":"https:\/\/test.nestshostels.com\/de\/ofertas-hostal-barato-tenerife\/#primaryimage"},"thumbnailUrl":"https:\/\/test.nestshostels.com\/wp-content\/uploads\/NESTPASS_bannerhome_1920x690px.png","datePublished":"2023-04-08T16:52:33+00:00","dateModified":"2025-10-08T10:04:22+00:00","description":"G\u00fcnstige Hostels in Teneriffa, Gran Canaria und Ibiza. Buche eins und wechsle zwischen Costa Adeje, Puerto de la Cruz, El M\u00e9dano, Los Gigantes, La Laguna, Las Eras, Puerto de Santiago, Las Palmas, Ibiza...","breadcrumb":{"@id":"https:\/\/test.nestshostels.com\/de\/ofertas-hostal-barato-tenerife\/#breadcrumb"},"inLanguage":"de","potentialAction":[{"@type":"ReadAction","target":["https:\/\/test.nestshostels.com\/de\/ofertas-hostal-barato-tenerife\/"]}]},{"@type":"ImageObject","inLanguage":"de","@id":"https:\/\/test.nestshostels.com\/de\/ofertas-hostal-barato-tenerife\/#primaryimage","url":"https:\/\/test.nestshostels.com\/wp-content\/uploads\/NESTPASS_bannerhome_1920x690px.png","contentUrl":"https:\/\/test.nestshostels.com\/wp-content\/uploads\/NESTPASS_bannerhome_1920x690px.png","width":1920,"height":690,"caption":"Nest Pass - One booking all Hostels"},{"@type":"BreadcrumbList","@id":"https:\/\/test.nestshostels.com\/de\/ofertas-hostal-barato-tenerife\/#breadcrumb","itemListElement":[{"@type":"ListItem","position":1,"name":"Portada","item":"https:\/\/nestshostels.com\/de\/"},{"@type":"ListItem","position":2,"name":"Offertas"}]},{"@type":"WebSite","@id":"https:\/\/nestshostels.com\/#website","url":"https:\/\/nestshostels.com\/","name":"Nests Hostels","description":"Tenerife Hostels for Travellers &amp; Digital Nomads","potentialAction":[{"@type":"SearchAction","target":{"@type":"EntryPoint","urlTemplate":"https:\/\/nestshostels.com\/?s={search_term_string}"},"query-input":{"@type":"PropertyValueSpecification","valueRequired":true,"valueName":"search_term_string"}}],"inLanguage":"de"}]}},"_links":{"self":[{"href":"https:\/\/test.nestshostels.com\/de\/wp-json\/wp\/v2\/pages\/19936","targetHints":{"allow":["GET"]}}],"collection":[{"href":"https:\/\/test.nestshostels.com\/de\/wp-json\/wp\/v2\/pages"}],"about":[{"href":"https:\/\/test.nestshostels.com\/de\/wp-json\/wp\/v2\/types\/page"}],"author":[{"embeddable":true,"href":"https:\/\/test.nestshostels.com\/de\/wp-json\/wp\/v2\/users\/1"}],"replies":[{"embeddable":true,"href":"https:\/\/test.nestshostels.com\/de\/wp-json\/wp\/v2\/comments?post=19936"}],"version-history":[{"count":1,"href":"https:\/\/test.nestshostels.com\/de\/wp-json\/wp\/v2\/pages\/19936\/revisions"}],"predecessor-version":[{"id":19937,"href":"https:\/\/test.nestshostels.com\/de\/wp-json\/wp\/v2\/pages\/19936\/revisions\/19937"}],"wp:featuredmedia":[{"embeddable":true,"href":"https:\/\/test.nestshostels.com\/de\/wp-json\/wp\/v2\/media\/18116"}],"wp:attachment":[{"href":"https:\/\/test.nestshostels.com\/de\/wp-json\/wp\/v2\/media?parent=19936"}],"curies":[{"name":"wp","href":"https:\/\/api.w.org\/{rel}","templated":true}]}}