{"id":11167,"date":"2019-10-04T10:16:10","date_gmt":"2019-10-04T08:16:10","guid":{"rendered":"https:\/\/wpml.test.nestshostels.com\/tenerife\/"},"modified":"2025-10-08T10:08:59","modified_gmt":"2025-10-08T10:08:59","slug":"tenerife","status":"publish","type":"page","link":"https:\/\/test.nestshostels.com\/fr\/tenerife\/","title":{"rendered":"Tenerife depuis Nests Hostels et avec Nest Pass"},"content":{"rendered":"<p>Salut ! \ud83d\ude0a<\/p>\n<p>Pr\u00eat pour une exp\u00e9rience de voyage sans limites ?<\/p>\n<p>Avec le <strong>Nest Pass<\/strong>, tu auras la libert\u00e9 d&rsquo;explorer nos hostels facilement, de mani\u00e8re flexible et sans tracas. \ud83c\udf0d\u2728<\/p>\n<p>\u00a0<\/p>\n<h4>\ud83d\ude80 Comment \u00c7a Marche ?<\/h4>\n<p>\ud83d\udd39 <strong>Premi\u00e8re R\u00e9servation :<\/strong><br \/>Choisis entre <strong>7 \u00e0 28 nuits (ou plus)<\/strong> dans le premier hostel o\u00f9 tu veux s\u00e9journer et profite des avantages exclusifs du <strong>Pass Week -12%<\/strong> ou <strong>Pass Month -28%<\/strong>.<br \/>Et comme tu peux changer d\u2019auberge sans frais suppl\u00e9mentaires, <strong>c&rsquo;est comme si tu avais plus de 30% de r\u00e9duction !<\/strong><\/p>\n<p>\u00a0<\/p>\n<h4>\ud83d\udd39 Changer d&rsquo;Auberge<\/h4>\n<p>Envie de d\u00e9couvrir un autre ambiance, une nouvelle aventure, un nouvel endroit \u00e0 explorer ? Informe juste \u00e0 la r\u00e9ception de l&rsquo;hostel o\u00f9 tu es, <strong>et ils s&rsquo;occuperont de ton changement vers un autre Nest.<\/strong><\/p>\n<p>\u00a0<\/p>\n<h4>\ud83d\udd39 Rapide et Simple<\/h4>\n<p>L&rsquo;\u00e9quipe v\u00e9rifiera la disponibilit\u00e9 dans le nouvel hostel et ajustera ta r\u00e9servation. Si il y a de la place, ton changement sera confirm\u00e9 sur-le-champ !<\/p>\n<p>\u00a0<\/p>\n<h4>&gt; Exemple<\/h4>\n<p>Tu as r\u00e9serv\u00e9 7 nuits au Duque Nest. Apr\u00e8s 3 nuits, tu d\u00e9cides d&rsquo;explorer Arena Nest. Pr\u00e9viens juste \u00e0 la r\u00e9ception et\u2026 c&rsquo;est bon ! Ils s&rsquo;occuperont de tout. \ud83d\ude4c<\/p>\n<p>\u00a0<\/p>\n<hr \/>\n<h4>\u00a0<\/h4>\n<h4>\ud83c\udf1f Avantages Exclusifs du Nest Pass<\/h4>\n<p>\u2714 <strong>Explore Plus<\/strong>:<br \/>Acc\u00e8de \u00e0 <strong>10 hostels \u00e0 Tenerife, Gran Canaria et Ibiza<\/strong> et vis des exp\u00e9riences inoubliables.<\/p>\n<p>\u2714\u00a0 <strong>Flexibilit\u00e9 Totale<\/strong><br \/><strong>Change d&rsquo;hostel quand tu veux<\/strong> dans le r\u00e9seau, avec juste une demande.<\/p>\n<p>\u2714\u00a0 <strong>\u00c9conomise en Voyageant<\/strong><br \/>Profite de <strong>tarifs promotionnels et \u00e9conomise 30%<\/strong> tout en d\u00e9couvrant de nouvelles destinations.<\/p>\n<p>\u2714\u00a0 <strong>R\u00e9servations Transf\u00e9rables<\/strong><br \/>Tu ne peux pas utiliser toutes tes nuits ? Pas de souci ! <strong>Tu peux les c\u00e9der \u00e0 quelqu&rsquo;un d&rsquo;autre<\/strong>, en gardant la m\u00eame validit\u00e9.<\/p>\n<p>\u00a0<\/p>\n<hr \/>\n<p>\u00a0<\/p>\n<p>\ud83d\udccc <strong>Informations Importantes<\/strong><\/p>\n<p>\ud83d\udd38 Les r\u00e9servations sont valables uniquement <strong>en dortoirs partag\u00e9s<\/strong> avec des lits superpos\u00e9s.<br \/>\ud83d\udd38 Le tarif est *NON REMBOURSABLE*.<br \/>\ud83d\udd38 Les nuits r\u00e9serv\u00e9es ont une validit\u00e9 maximale de <strong>3 mois<\/strong>.<\/p>\n<hr \/>\n<p>\ud83c\udf34 <strong>Pr\u00eat \u00e0 commencer ton aventure ?<\/strong><br \/>Fais ta r\u00e9servation maintenant et vis la libert\u00e9 d&rsquo;explorer \u00e0 ton rythme avec le Nest Pass ! Si tu as des questions, notre \u00e9quipe est toujours disponible pour t&rsquo;aider.<\/p>\n<p>R\u00e9serve ton aventure aujourd&rsquo;hui et rejoins la famille Nests Hostels ! L\u00e0 o\u00f9 chaque moment devient un souvenir inoubliable.\u00a0<a href=\"https:\/\/test.nestshostels.com\/fr\/experiencias-nests-hostel-tenerife\/\"><br \/><\/a><\/p>\n\n<p><\/p>\n","protected":false},"excerpt":{"rendered":"<p>Salut ! \ud83d\ude0a Pr\u00eat pour une exp\u00e9rience de voyage sans limites ? Avec le Nest Pass, tu auras la libert\u00e9 d&rsquo;explorer nos hostels facilement, de mani\u00e8re flexible et sans tracas. \ud83c\udf0d\u2728 \u00a0 \ud83d\ude80 Comment \u00c7a Marche ? \ud83d\udd39 Premi\u00e8re R\u00e9servation :Choisis entre 7 \u00e0 28 nuits (ou plus) dans le premier hostel o\u00f9 tu veux<a href=\"https:\/\/test.nestshostels.com\/fr\/tenerife\/\">Continue reading <span class=\"sr-only\">\u00ab\u00a0Tenerife depuis Nests Hostels et avec Nest Pass\u00a0\u00bb<\/span><\/a><\/p>\n","protected":false},"author":2,"featured_media":16491,"parent":0,"menu_order":0,"comment_status":"closed","ping_status":"closed","template":"","meta":{"footnotes":""},"class_list":["post-11167","page","type-page","status-publish","has-post-thumbnail","hentry"],"acf":[],"yoast_head":"<!-- This site is optimized with the Yoast SEO plugin v27.1.1 - https:\/\/yoast.com\/product\/yoast-seo-wordpress\/ -->\n<title>Tenerife depuis Nests Hostels et avec Nest Pass - Nests Hostels<\/title>\n<meta name=\"description\" content=\"D\u00e9couvrez notre hostel \u00e0 Tenerife et vivez des exp\u00e9riences uniques entre plages, volcans et culture locale. Vos vacances id\u00e9ales n&#039;attendent que vous !\" \/>\n<meta name=\"robots\" content=\"index, follow, max-snippet:-1, max-image-preview:large, max-video-preview:-1\" \/>\n<link rel=\"canonical\" href=\"https:\/\/test.nestshostels.com\/fr\/tenerife\/\" \/>\n<meta property=\"og:locale\" content=\"fr_FR\" \/>\n<meta property=\"og:type\" content=\"article\" \/>\n<meta property=\"og:title\" content=\"Tenerife depuis Nests Hostels et avec Nest Pass\" \/>\n<meta property=\"og:description\" content=\"D\u00e9couvrez notre hostel \u00e0 Tenerife et vivez des exp\u00e9riences uniques entre plages, volcans et culture locale. Vos vacances id\u00e9ales n&#039;attendent que vous !\" \/>\n<meta property=\"og:url\" content=\"https:\/\/test.nestshostels.com\/fr\/tenerife\/\" \/>\n<meta property=\"og:site_name\" content=\"Nests Hostels\" \/>\n<meta property=\"article:modified_time\" content=\"2025-10-08T10:08:59+00:00\" \/>\n<meta property=\"og:image\" content=\"https:\/\/nestshostels.com\/wp-content\/uploads\/garachico-tenerife-nests-hostels.jpg\" \/>\n\t<meta property=\"og:image:width\" content=\"1920\" \/>\n\t<meta property=\"og:image:height\" content=\"1352\" \/>\n\t<meta property=\"og:image:type\" content=\"image\/jpeg\" \/>\n<meta name=\"twitter:card\" content=\"summary_large_image\" \/>\n<meta name=\"twitter:label1\" content=\"Dur\u00e9e de lecture estim\u00e9e\" \/>\n\t<meta name=\"twitter:data1\" content=\"2 minutes\" \/>\n<script type=\"application\/ld+json\" class=\"yoast-schema-graph\">{\"@context\":\"https:\/\/schema.org\",\"@graph\":[{\"@type\":\"WebPage\",\"@id\":\"https:\/\/test.nestshostels.com\/fr\/tenerife\/\",\"url\":\"https:\/\/test.nestshostels.com\/fr\/tenerife\/\",\"name\":\"Tenerife depuis Nests Hostels et avec Nest Pass - Nests Hostels\",\"isPartOf\":{\"@id\":\"https:\/\/nestshostels.com\/#website\"},\"primaryImageOfPage\":{\"@id\":\"https:\/\/test.nestshostels.com\/fr\/tenerife\/#primaryimage\"},\"image\":{\"@id\":\"https:\/\/test.nestshostels.com\/fr\/tenerife\/#primaryimage\"},\"thumbnailUrl\":\"https:\/\/test.nestshostels.com\/wp-content\/uploads\/map-nests-hostels-tenerife.png\",\"datePublished\":\"2019-10-04T08:16:10+00:00\",\"dateModified\":\"2025-10-08T10:08:59+00:00\",\"description\":\"D\u00e9couvrez notre hostel \u00e0 Tenerife et vivez des exp\u00e9riences uniques entre plages, volcans et culture locale. Vos vacances id\u00e9ales n'attendent que vous !\",\"breadcrumb\":{\"@id\":\"https:\/\/test.nestshostels.com\/fr\/tenerife\/#breadcrumb\"},\"inLanguage\":\"fr-FR\",\"potentialAction\":[{\"@type\":\"ReadAction\",\"target\":[\"https:\/\/test.nestshostels.com\/fr\/tenerife\/\"]}]},{\"@type\":\"ImageObject\",\"inLanguage\":\"fr-FR\",\"@id\":\"https:\/\/test.nestshostels.com\/fr\/tenerife\/#primaryimage\",\"url\":\"https:\/\/test.nestshostels.com\/wp-content\/uploads\/map-nests-hostels-tenerife.png\",\"contentUrl\":\"https:\/\/test.nestshostels.com\/wp-content\/uploads\/map-nests-hostels-tenerife.png\",\"width\":1870,\"height\":783},{\"@type\":\"BreadcrumbList\",\"@id\":\"https:\/\/test.nestshostels.com\/fr\/tenerife\/#breadcrumb\",\"itemListElement\":[{\"@type\":\"ListItem\",\"position\":1,\"name\":\"Portada\",\"item\":\"https:\/\/nestshostels.com\/fr\/\"},{\"@type\":\"ListItem\",\"position\":2,\"name\":\"Tenerife depuis Nests Hostels et avec Nest Pass\"}]},{\"@type\":\"WebSite\",\"@id\":\"https:\/\/nestshostels.com\/#website\",\"url\":\"https:\/\/nestshostels.com\/\",\"name\":\"Nests Hostels\",\"description\":\"Tenerife Hostels for Travellers &amp; Digital Nomads\",\"potentialAction\":[{\"@type\":\"SearchAction\",\"target\":{\"@type\":\"EntryPoint\",\"urlTemplate\":\"https:\/\/nestshostels.com\/?s={search_term_string}\"},\"query-input\":{\"@type\":\"PropertyValueSpecification\",\"valueRequired\":true,\"valueName\":\"search_term_string\"}}],\"inLanguage\":\"fr-FR\"}]}<\/script>\n<!-- \/ Yoast SEO plugin. -->","yoast_head_json":{"title":"Tenerife depuis Nests Hostels et avec Nest Pass - Nests Hostels","description":"D\u00e9couvrez notre hostel \u00e0 Tenerife et vivez des exp\u00e9riences uniques entre plages, volcans et culture locale. Vos vacances id\u00e9ales n'attendent que vous !","robots":{"index":"index","follow":"follow","max-snippet":"max-snippet:-1","max-image-preview":"max-image-preview:large","max-video-preview":"max-video-preview:-1"},"canonical":"https:\/\/test.nestshostels.com\/fr\/tenerife\/","og_locale":"fr_FR","og_type":"article","og_title":"Tenerife depuis Nests Hostels et avec Nest Pass","og_description":"D\u00e9couvrez notre hostel \u00e0 Tenerife et vivez des exp\u00e9riences uniques entre plages, volcans et culture locale. Vos vacances id\u00e9ales n'attendent que vous !","og_url":"https:\/\/test.nestshostels.com\/fr\/tenerife\/","og_site_name":"Nests Hostels","article_modified_time":"2025-10-08T10:08:59+00:00","og_image":[{"width":1920,"height":1352,"url":"https:\/\/nestshostels.com\/wp-content\/uploads\/garachico-tenerife-nests-hostels.jpg","type":"image\/jpeg"}],"twitter_card":"summary_large_image","twitter_misc":{"Dur\u00e9e de lecture estim\u00e9e":"2 minutes"},"schema":{"@context":"https:\/\/schema.org","@graph":[{"@type":"WebPage","@id":"https:\/\/test.nestshostels.com\/fr\/tenerife\/","url":"https:\/\/test.nestshostels.com\/fr\/tenerife\/","name":"Tenerife depuis Nests Hostels et avec Nest Pass - Nests Hostels","isPartOf":{"@id":"https:\/\/nestshostels.com\/#website"},"primaryImageOfPage":{"@id":"https:\/\/test.nestshostels.com\/fr\/tenerife\/#primaryimage"},"image":{"@id":"https:\/\/test.nestshostels.com\/fr\/tenerife\/#primaryimage"},"thumbnailUrl":"https:\/\/test.nestshostels.com\/wp-content\/uploads\/map-nests-hostels-tenerife.png","datePublished":"2019-10-04T08:16:10+00:00","dateModified":"2025-10-08T10:08:59+00:00","description":"D\u00e9couvrez notre hostel \u00e0 Tenerife et vivez des exp\u00e9riences uniques entre plages, volcans et culture locale. Vos vacances id\u00e9ales n'attendent que vous !","breadcrumb":{"@id":"https:\/\/test.nestshostels.com\/fr\/tenerife\/#breadcrumb"},"inLanguage":"fr-FR","potentialAction":[{"@type":"ReadAction","target":["https:\/\/test.nestshostels.com\/fr\/tenerife\/"]}]},{"@type":"ImageObject","inLanguage":"fr-FR","@id":"https:\/\/test.nestshostels.com\/fr\/tenerife\/#primaryimage","url":"https:\/\/test.nestshostels.com\/wp-content\/uploads\/map-nests-hostels-tenerife.png","contentUrl":"https:\/\/test.nestshostels.com\/wp-content\/uploads\/map-nests-hostels-tenerife.png","width":1870,"height":783},{"@type":"BreadcrumbList","@id":"https:\/\/test.nestshostels.com\/fr\/tenerife\/#breadcrumb","itemListElement":[{"@type":"ListItem","position":1,"name":"Portada","item":"https:\/\/nestshostels.com\/fr\/"},{"@type":"ListItem","position":2,"name":"Tenerife depuis Nests Hostels et avec Nest Pass"}]},{"@type":"WebSite","@id":"https:\/\/nestshostels.com\/#website","url":"https:\/\/nestshostels.com\/","name":"Nests Hostels","description":"Tenerife Hostels for Travellers &amp; Digital Nomads","potentialAction":[{"@type":"SearchAction","target":{"@type":"EntryPoint","urlTemplate":"https:\/\/nestshostels.com\/?s={search_term_string}"},"query-input":{"@type":"PropertyValueSpecification","valueRequired":true,"valueName":"search_term_string"}}],"inLanguage":"fr-FR"}]}},"_links":{"self":[{"href":"https:\/\/test.nestshostels.com\/fr\/wp-json\/wp\/v2\/pages\/11167","targetHints":{"allow":["GET"]}}],"collection":[{"href":"https:\/\/test.nestshostels.com\/fr\/wp-json\/wp\/v2\/pages"}],"about":[{"href":"https:\/\/test.nestshostels.com\/fr\/wp-json\/wp\/v2\/types\/page"}],"author":[{"embeddable":true,"href":"https:\/\/test.nestshostels.com\/fr\/wp-json\/wp\/v2\/users\/2"}],"replies":[{"embeddable":true,"href":"https:\/\/test.nestshostels.com\/fr\/wp-json\/wp\/v2\/comments?post=11167"}],"version-history":[{"count":2,"href":"https:\/\/test.nestshostels.com\/fr\/wp-json\/wp\/v2\/pages\/11167\/revisions"}],"predecessor-version":[{"id":19999,"href":"https:\/\/test.nestshostels.com\/fr\/wp-json\/wp\/v2\/pages\/11167\/revisions\/19999"}],"wp:featuredmedia":[{"embeddable":true,"href":"https:\/\/test.nestshostels.com\/fr\/wp-json\/wp\/v2\/media\/16491"}],"wp:attachment":[{"href":"https:\/\/test.nestshostels.com\/fr\/wp-json\/wp\/v2\/media?parent=11167"}],"curies":[{"name":"wp","href":"https:\/\/api.w.org\/{rel}","templated":true}]}}