{"id":19874,"date":"2025-02-11T09:57:24","date_gmt":"2025-02-11T09:57:24","guid":{"rendered":"https:\/\/test.nestshostels.com\/nest-pass\/"},"modified":"2025-12-10T12:50:24","modified_gmt":"2025-12-10T12:50:24","slug":"nest-pass","status":"publish","type":"page","link":"https:\/\/test.nestshostels.com\/fr\/nest-pass\/","title":{"rendered":"Nest Pass &#8211; \u00c9conomisez \u00e0 Tenerife et Gran Canaria avec Nests Hostels"},"content":{"rendered":"\n<p>Salut ! \ud83d\ude0a<\/p>\n\n<p>Es-tu pr\u00eat pour une exp\u00e9rience de voyage sans limites ?<\/p>\n\n<p>Avec le <strong>Nest Pass<\/strong>, tu auras la libert\u00e9 d&rsquo;explorer nos hostales facilement, de mani\u00e8re flexible et sans prise de t\u00eate. \ud83c\udf0d\u2728<\/p>\n\n<h4 class=\"wp-block-heading\">\ud83d\ude80 Comment \u00e7a fonctionne ?<\/h4>\n\n<p>\ud83d\udd39 <strong>Premi\u00e8re R\u00e9servation :<\/strong><br\/>Choisis entre <strong>7 \u00e0 28 nuits (ou plus)<\/strong> dans la premi\u00e8re auberge o\u00f9 tu souhaites s\u00e9journer et profite des avantages exclusifs du <strong>Pass Semaine -12%<\/strong> ou <strong>Pass Mois -28%<\/strong>.<br\/>En plus, tu peux changer d&rsquo;auberge sans payer de suppl\u00e9ment <strong>c&rsquo;est comme si tu avais plus de 30% de r\u00e9duction !<\/strong><\/p>\n\n<h4 class=\"wp-block-heading\">\ud83d\udd39 Changement d&rsquo;auberge<\/h4>\n\n<p>Tu as envie de changer d&rsquo;air, de vivre une nouvelle aventure, de d\u00e9couvrir un nouvel endroit ? Dis simplement \u00e0 la r\u00e9ception de l&rsquo;auberge o\u00f9 tu es, <strong>et ils s&rsquo;occuperont de ton passage \u00e0 un autre Nest.<\/strong><\/p>\n\n<h4 class=\"wp-block-heading\">\ud83d\udd39 Rapide et Simple<\/h4>\n\n<p>L&rsquo;\u00e9quipe va v\u00e9rifier la dispo dans le nouveau hostel et ajuster ta r\u00e9servation. Si y&rsquo;a de la place, ton changement sera confirm\u00e9 tout de suite !<\/p>\n\n<h4 class=\"wp-block-heading\">Exemple<\/h4>\n\n<p>Tu as r\u00e9serv\u00e9 7 nuits au Duque Nest. Apr\u00e8s 3 nuits, tu d\u00e9cides d&rsquo;explorer l&rsquo;Arena Nest. Il te suffit d&rsquo;en parler \u00e0 la r\u00e9ception et\u2026 c&rsquo;est tout ! Ils s&rsquo;occupent de tout. \ud83d\ude4c<\/p>\n\n<hr class=\"wp-block-separator has-alpha-channel-opacity\"\/>\n\n<h4 class=\"wp-block-heading\">\u00a0<\/h4>\n\n<h4 class=\"wp-block-heading\">\ud83c\udf1f Avantages Exclusifs du Nest Pass<\/h4>\n\n<p>\u2714 <strong>Explora Plus<\/strong>:<br\/>Acc\u00e8de \u00e0 <strong>10 auberges \u00e0 Tenerife, Gran Canaria et Ibiza<\/strong> et vis des exp\u00e9riences inoubliables.<\/p>\n\n<p>\u2714\u00a0<strong>Flexibilit\u00e9 Totale<\/strong><br\/><strong>Change de hostal quand tu veux<\/strong> dans le r\u00e9seau, il suffit de faire une demande.<\/p>\n\n<p>\u2714\u00a0<strong>\u00c9conomise en Voyageant<\/strong><br\/>Profite de <strong>prix promo et \u00e9conomise 30%<\/strong> tout en d\u00e9couvrant de nouvelles destinations.<\/p>\n\n<p>\u2714\u00a0<strong>R\u00e9servations Transf\u00e9rables<\/strong><br\/>Tu peux pas profiter de toutes tes nuits ? Pas de souci ! <strong>Tu peux les c\u00e9der \u00e0 quelqu&rsquo;un d&rsquo;autre<\/strong>, tout en gardant la m\u00eame validit\u00e9.<\/p>\n\n<hr class=\"wp-block-separator has-alpha-channel-opacity\"\/>\n\n<p>\ud83d\udccc <strong>Infos Importantes<\/strong><\/p>\n\n<p>\ud83d\udd38 Les r\u00e9servations sont valables uniquement <strong>en dortoirs<\/strong> avec des lits superpos\u00e9s.<br\/>\ud83d\udd38 Le tarif est *NON REMBOURSABLE*.<br\/>\ud83d\udd38 Les nuits r\u00e9serv\u00e9es ont une validit\u00e9 maximale de <strong>3 mois<\/strong>.<\/p>\n\n<hr class=\"wp-block-separator has-alpha-channel-opacity\"\/>\n\n<p>\ud83c\udf34 <strong>Pr\u00eat \u00e0 commencer ton aventure ?<\/strong><br\/>Fais ta r\u00e9servation maintenant et vis la libert\u00e9 d&rsquo;explorer \u00e0 ton rythme avec le Nest Pass ! Si tu as des questions, notre \u00e9quipe est toujours l\u00e0 pour t&rsquo;aider.<\/p>\n\n<p>R\u00e9serve ton aventure aujourd&rsquo;hui et rejoins la famille Nests Hostels ! O\u00f9 chaque moment devient un souvenir inoubliable. <a href=\"https:\/\/test.nestshostels.com\/fr\/experiencias-nests-hostel-tenerife\/\"><br\/><\/a><\/p>\n\n<p><\/p>\n","protected":false},"excerpt":{"rendered":"<p>Salut ! \ud83d\ude0a Es-tu pr\u00eat pour une exp\u00e9rience de voyage sans limites ? Avec le Nest Pass, tu auras la libert\u00e9 d&rsquo;explorer nos hostales facilement, de mani\u00e8re flexible et sans prise de t\u00eate. \ud83c\udf0d\u2728 \ud83d\ude80 Comment \u00e7a fonctionne ? \ud83d\udd39 Premi\u00e8re R\u00e9servation :Choisis entre 7 \u00e0 28 nuits (ou plus) dans la premi\u00e8re auberge o\u00f9<a href=\"https:\/\/test.nestshostels.com\/fr\/nest-pass\/\">Continue reading <span class=\"sr-only\">\u00ab\u00a0Nest Pass &#8211; \u00c9conomisez \u00e0 Tenerife et Gran Canaria avec Nests Hostels\u00a0\u00bb<\/span><\/a><\/p>\n","protected":false},"author":3,"featured_media":18115,"parent":0,"menu_order":0,"comment_status":"closed","ping_status":"closed","template":"","meta":{"footnotes":""},"class_list":["post-19874","page","type-page","status-publish","has-post-thumbnail","hentry"],"acf":[],"yoast_head":"<!-- This site is optimized with the Yoast SEO plugin v27.1.1 - https:\/\/yoast.com\/product\/yoast-seo-wordpress\/ -->\n<title>Nest Pass - \u00c9conomisez \u00e0 Tenerife et Gran Canaria avec | Nests Hostels<\/title>\n<meta name=\"description\" content=\"D\u00e9couvrez nos auberges aux Canaries et vivez des exp\u00e9riences uniques entre plages, volcans et culture locale. Vos vacances id\u00e9ales vous attendent !\" \/>\n<meta name=\"robots\" content=\"index, follow, max-snippet:-1, max-image-preview:large, max-video-preview:-1\" \/>\n<link rel=\"canonical\" href=\"https:\/\/test.nestshostels.com\/fr\/nest-pass\/\" \/>\n<meta property=\"og:locale\" content=\"fr_FR\" \/>\n<meta property=\"og:type\" content=\"article\" \/>\n<meta property=\"og:title\" content=\"Nest Pass - \u00c9conomisez \u00e0 Tenerife et Gran Canaria avec Nests Hostels\" \/>\n<meta property=\"og:description\" content=\"D\u00e9couvrez notre hostel aux Canaries et aux Bal\u00e9ares et profitez d&#039;exp\u00e9riences uniques entre plages, volcans et culture locale. Vos vacances id\u00e9ales vous attendent !\" \/>\n<meta property=\"og:url\" content=\"https:\/\/test.nestshostels.com\/fr\/nest-pass\/\" \/>\n<meta property=\"og:site_name\" content=\"Nests Hostels\" \/>\n<meta property=\"article:modified_time\" content=\"2025-12-10T12:50:24+00:00\" \/>\n<meta property=\"og:image\" content=\"https:\/\/nestshostels.com\/wp-content\/uploads\/Nest-Pass-Program-Digital-Islands-Map-1024x747.jpg\" \/>\n<meta name=\"twitter:card\" content=\"summary_large_image\" \/>\n<meta name=\"twitter:title\" content=\"Nest Pass - \u00c9conomisez \u00e0 Tenerife et Gran Canaria avec Nests Hostels\" \/>\n<meta name=\"twitter:description\" content=\"D\u00e9couvrez nos auberges \u00e0 Tenerife, Gran Canaria et Ibiza et profitez d&#039;exp\u00e9riences uniques entre plages, volcans et culture locale. Vos vacances \u00e0 petit prix vous attendent !\" \/>\n<meta name=\"twitter:image\" content=\"https:\/\/nestshostels.com\/wp-content\/uploads\/Nest-Pass-Islands-Map-v2-1024x598.jpg\" \/>\n<meta name=\"twitter:label1\" content=\"Dur\u00e9e de lecture estim\u00e9e\" \/>\n\t<meta name=\"twitter:data1\" content=\"2 minutes\" \/>\n<script type=\"application\/ld+json\" class=\"yoast-schema-graph\">{\"@context\":\"https:\/\/schema.org\",\"@graph\":[{\"@type\":\"WebPage\",\"@id\":\"https:\/\/test.nestshostels.com\/fr\/nest-pass\/\",\"url\":\"https:\/\/test.nestshostels.com\/fr\/nest-pass\/\",\"name\":\"Nest Pass - \u00c9conomisez \u00e0 Tenerife et Gran Canaria avec | Nests Hostels\",\"isPartOf\":{\"@id\":\"https:\/\/nestshostels.com\/#website\"},\"primaryImageOfPage\":{\"@id\":\"https:\/\/test.nestshostels.com\/fr\/nest-pass\/#primaryimage\"},\"image\":{\"@id\":\"https:\/\/test.nestshostels.com\/fr\/nest-pass\/#primaryimage\"},\"thumbnailUrl\":\"https:\/\/test.nestshostels.com\/wp-content\/uploads\/NESTPASS_bannerhome_1920x690px.png\",\"datePublished\":\"2025-02-11T09:57:24+00:00\",\"dateModified\":\"2025-12-10T12:50:24+00:00\",\"description\":\"D\u00e9couvrez nos auberges aux Canaries et vivez des exp\u00e9riences uniques entre plages, volcans et culture locale. Vos vacances id\u00e9ales vous attendent !\",\"breadcrumb\":{\"@id\":\"https:\/\/test.nestshostels.com\/fr\/nest-pass\/#breadcrumb\"},\"inLanguage\":\"fr-FR\",\"potentialAction\":[{\"@type\":\"ReadAction\",\"target\":[\"https:\/\/test.nestshostels.com\/fr\/nest-pass\/\"]}]},{\"@type\":\"ImageObject\",\"inLanguage\":\"fr-FR\",\"@id\":\"https:\/\/test.nestshostels.com\/fr\/nest-pass\/#primaryimage\",\"url\":\"https:\/\/test.nestshostels.com\/wp-content\/uploads\/NESTPASS_bannerhome_1920x690px.png\",\"contentUrl\":\"https:\/\/test.nestshostels.com\/wp-content\/uploads\/NESTPASS_bannerhome_1920x690px.png\",\"width\":1920,\"height\":690,\"caption\":\"Nest Pass - One booking all Hostels\"},{\"@type\":\"BreadcrumbList\",\"@id\":\"https:\/\/test.nestshostels.com\/fr\/nest-pass\/#breadcrumb\",\"itemListElement\":[{\"@type\":\"ListItem\",\"position\":1,\"name\":\"Portada\",\"item\":\"https:\/\/nestshostels.com\/fr\/\"},{\"@type\":\"ListItem\",\"position\":2,\"name\":\"Nest Pass\"}]},{\"@type\":\"WebSite\",\"@id\":\"https:\/\/nestshostels.com\/#website\",\"url\":\"https:\/\/nestshostels.com\/\",\"name\":\"Nests Hostels\",\"description\":\"Tenerife Hostels for Travellers &amp; Digital Nomads\",\"potentialAction\":[{\"@type\":\"SearchAction\",\"target\":{\"@type\":\"EntryPoint\",\"urlTemplate\":\"https:\/\/nestshostels.com\/?s={search_term_string}\"},\"query-input\":{\"@type\":\"PropertyValueSpecification\",\"valueRequired\":true,\"valueName\":\"search_term_string\"}}],\"inLanguage\":\"fr-FR\"}]}<\/script>\n<!-- \/ Yoast SEO plugin. -->","yoast_head_json":{"title":"Nest Pass - \u00c9conomisez \u00e0 Tenerife et Gran Canaria avec | Nests Hostels","description":"D\u00e9couvrez nos auberges aux Canaries et vivez des exp\u00e9riences uniques entre plages, volcans et culture locale. Vos vacances id\u00e9ales vous attendent !","robots":{"index":"index","follow":"follow","max-snippet":"max-snippet:-1","max-image-preview":"max-image-preview:large","max-video-preview":"max-video-preview:-1"},"canonical":"https:\/\/test.nestshostels.com\/fr\/nest-pass\/","og_locale":"fr_FR","og_type":"article","og_title":"Nest Pass - \u00c9conomisez \u00e0 Tenerife et Gran Canaria avec Nests Hostels","og_description":"D\u00e9couvrez notre hostel aux Canaries et aux Bal\u00e9ares et profitez d'exp\u00e9riences uniques entre plages, volcans et culture locale. Vos vacances id\u00e9ales vous attendent !","og_url":"https:\/\/test.nestshostels.com\/fr\/nest-pass\/","og_site_name":"Nests Hostels","article_modified_time":"2025-12-10T12:50:24+00:00","og_image":[{"url":"https:\/\/nestshostels.com\/wp-content\/uploads\/Nest-Pass-Program-Digital-Islands-Map-1024x747.jpg","type":"","width":"","height":""}],"twitter_card":"summary_large_image","twitter_title":"Nest Pass - \u00c9conomisez \u00e0 Tenerife et Gran Canaria avec Nests Hostels","twitter_description":"D\u00e9couvrez nos auberges \u00e0 Tenerife, Gran Canaria et Ibiza et profitez d'exp\u00e9riences uniques entre plages, volcans et culture locale. Vos vacances \u00e0 petit prix vous attendent !","twitter_image":"https:\/\/nestshostels.com\/wp-content\/uploads\/Nest-Pass-Islands-Map-v2-1024x598.jpg","twitter_misc":{"Dur\u00e9e de lecture estim\u00e9e":"2 minutes"},"schema":{"@context":"https:\/\/schema.org","@graph":[{"@type":"WebPage","@id":"https:\/\/test.nestshostels.com\/fr\/nest-pass\/","url":"https:\/\/test.nestshostels.com\/fr\/nest-pass\/","name":"Nest Pass - \u00c9conomisez \u00e0 Tenerife et Gran Canaria avec | Nests Hostels","isPartOf":{"@id":"https:\/\/nestshostels.com\/#website"},"primaryImageOfPage":{"@id":"https:\/\/test.nestshostels.com\/fr\/nest-pass\/#primaryimage"},"image":{"@id":"https:\/\/test.nestshostels.com\/fr\/nest-pass\/#primaryimage"},"thumbnailUrl":"https:\/\/test.nestshostels.com\/wp-content\/uploads\/NESTPASS_bannerhome_1920x690px.png","datePublished":"2025-02-11T09:57:24+00:00","dateModified":"2025-12-10T12:50:24+00:00","description":"D\u00e9couvrez nos auberges aux Canaries et vivez des exp\u00e9riences uniques entre plages, volcans et culture locale. Vos vacances id\u00e9ales vous attendent !","breadcrumb":{"@id":"https:\/\/test.nestshostels.com\/fr\/nest-pass\/#breadcrumb"},"inLanguage":"fr-FR","potentialAction":[{"@type":"ReadAction","target":["https:\/\/test.nestshostels.com\/fr\/nest-pass\/"]}]},{"@type":"ImageObject","inLanguage":"fr-FR","@id":"https:\/\/test.nestshostels.com\/fr\/nest-pass\/#primaryimage","url":"https:\/\/test.nestshostels.com\/wp-content\/uploads\/NESTPASS_bannerhome_1920x690px.png","contentUrl":"https:\/\/test.nestshostels.com\/wp-content\/uploads\/NESTPASS_bannerhome_1920x690px.png","width":1920,"height":690,"caption":"Nest Pass - One booking all Hostels"},{"@type":"BreadcrumbList","@id":"https:\/\/test.nestshostels.com\/fr\/nest-pass\/#breadcrumb","itemListElement":[{"@type":"ListItem","position":1,"name":"Portada","item":"https:\/\/nestshostels.com\/fr\/"},{"@type":"ListItem","position":2,"name":"Nest Pass"}]},{"@type":"WebSite","@id":"https:\/\/nestshostels.com\/#website","url":"https:\/\/nestshostels.com\/","name":"Nests Hostels","description":"Tenerife Hostels for Travellers &amp; Digital Nomads","potentialAction":[{"@type":"SearchAction","target":{"@type":"EntryPoint","urlTemplate":"https:\/\/nestshostels.com\/?s={search_term_string}"},"query-input":{"@type":"PropertyValueSpecification","valueRequired":true,"valueName":"search_term_string"}}],"inLanguage":"fr-FR"}]}},"_links":{"self":[{"href":"https:\/\/test.nestshostels.com\/fr\/wp-json\/wp\/v2\/pages\/19874","targetHints":{"allow":["GET"]}}],"collection":[{"href":"https:\/\/test.nestshostels.com\/fr\/wp-json\/wp\/v2\/pages"}],"about":[{"href":"https:\/\/test.nestshostels.com\/fr\/wp-json\/wp\/v2\/types\/page"}],"author":[{"embeddable":true,"href":"https:\/\/test.nestshostels.com\/fr\/wp-json\/wp\/v2\/users\/3"}],"replies":[{"embeddable":true,"href":"https:\/\/test.nestshostels.com\/fr\/wp-json\/wp\/v2\/comments?post=19874"}],"version-history":[{"count":2,"href":"https:\/\/test.nestshostels.com\/fr\/wp-json\/wp\/v2\/pages\/19874\/revisions"}],"predecessor-version":[{"id":20878,"href":"https:\/\/test.nestshostels.com\/fr\/wp-json\/wp\/v2\/pages\/19874\/revisions\/20878"}],"wp:featuredmedia":[{"embeddable":true,"href":"https:\/\/test.nestshostels.com\/fr\/wp-json\/wp\/v2\/media\/18115"}],"wp:attachment":[{"href":"https:\/\/test.nestshostels.com\/fr\/wp-json\/wp\/v2\/media?parent=19874"}],"curies":[{"name":"wp","href":"https:\/\/api.w.org\/{rel}","templated":true}]}}