{"id":19886,"date":"2024-11-14T11:41:53","date_gmt":"2024-11-14T11:41:53","guid":{"rendered":"https:\/\/test.nestshostels.com\/home\/"},"modified":"2026-01-23T07:28:04","modified_gmt":"2026-01-23T07:28:04","slug":"home","status":"publish","type":"page","link":"https:\/\/test.nestshostels.com\/it\/","title":{"rendered":"Home"},"content":{"rendered":"\n<h1 class=\"wp-block-heading\">Benvenuto a Nests Hostales Tenerife!<\/h1>\n\n<p>Dove ogni giorno \u00e8 un&#8217;avventura indimenticabile e piena di divertimento.<\/p>\n\n<hr class=\"wp-block-separator has-alpha-channel-opacity\"\/>\n\n<h2 class=\"wp-block-heading\">Molto pi\u00f9 di un semplice alloggio<\/h2>\n\n<p>In Nests Hostal, ci impegniamo a offrire molto pi\u00f9 di un semplice alloggio; creiamo esperienze! Il nostro team specializzato organizza eventi e attivit\u00e0 che trasformano ogni soggiorno in un&#8217;attrazione unica.<\/p>\n\n<hr class=\"wp-block-separator has-alpha-channel-opacity\"\/>\n\n<h2 class=\"wp-block-heading\">Pronto per l&#8217;avventura?<\/h2>\n\n<p>Ecco qualcosa per tutti:<\/p>\n\n<p><strong>\ud83e\udd7e Escursioni emozionanti<\/strong><br\/>Trekking, visite guidate e tanto altro.<\/p>\n\n<p><strong>\ud83e\uddfa Pic-nic con viste spettacolari<\/strong><br\/>Goditi la natura con le migliori viste di Tenerife.<\/p>\n\n<p><strong>\ud83c\udfc4 Surfa le onde!<\/strong><br\/>Lezioni di surf, kite surf e SUP per tutti i livelli.<\/p>\n\n<p><strong>\ud83e\udd3f Immergiti nel meraviglioso mondo sottomarino<\/strong><br\/>Snorkeling e immersioni per esplorare le acque delle Canarie.<\/p>\n\n<p><strong>\ud83c\udf7d\ufe0f Gusta la deliziosa cucina tipica locale<\/strong><br\/>Scopri i sapori autentici di Tenerife.<\/p>\n\n<p><strong>\ud83c\udf89 Notte di ballo e pinchos!<\/strong><br\/>Una festa di sapori e ritmi.<\/p>\n\n<p><strong>\ud83c\udfad Feste a tema<\/strong><br\/>Divertimento e risate assicurate!<\/p>\n\n<hr class=\"wp-block-separator has-alpha-channel-opacity\"\/>\n\n<h2 class=\"wp-block-heading\">E questo \u00e8 solo l&#8217;inizio&#8230;<\/h2>\n\n<p>Da Nests Hostels, ogni giorno porta qualcosa di nuovo e emozionante. Vieni a esplorare Tenerife con noi e preparati a storie che vorrai raccontare ancora e ancora.<\/p>\n\n<p><strong><a href=\"https:\/\/test.nestshostels.com\/it\/experiencias-nests-hostel-tenerife\/\">Scopri tutte le Esperienze<\/a><\/strong><br\/><strong><a href=\"https:\/\/test.nestshostels.com\/it\/nest-pass\/\">Scopri il Nest Pass<\/a><\/strong><\/p>\n\n<p><\/p>\n\n<h2 class=\"wp-block-heading\">\ud83c\udf08 Uno spazio per tutti<\/h2>\n\n<p>La nostra casa \u00e8 un rifugio per tutti i colori dell&#8217;arcobaleno. Benvenuto nell&#8217;ostello pi\u00f9 accogliente, dove l&#8217;amore \u00e8 la nostra lingua ufficiale e la diversit\u00e0 la nostra specialit\u00e0.<\/p>\n\n<p>Siamo aperti a cuori di tutte le forme e dimensioni.<\/p>\n\n<p><strong>Sii te stesso, \u00a1perch\u00e9 qui il rispetto \u00e8 di casa!<\/strong><\/p>\n","protected":false},"excerpt":{"rendered":"<p>Benvenuto a Nests Hostales Tenerife! Dove ogni giorno \u00e8 un&#8217;avventura indimenticabile e piena di divertimento. Molto pi\u00f9 di un semplice alloggio In Nests Hostal, ci impegniamo a offrire molto pi\u00f9 di un semplice alloggio; creiamo esperienze! Il nostro team specializzato organizza eventi e attivit\u00e0 che trasformano ogni soggiorno in un&#8217;attrazione unica. Pronto per l&#8217;avventura? Ecco<a href=\"https:\/\/test.nestshostels.com\/it\/\">Continue reading <span class=\"sr-only\">&#8220;Home&#8221;<\/span><\/a><\/p>\n","protected":false},"author":3,"featured_media":20409,"parent":0,"menu_order":0,"comment_status":"closed","ping_status":"closed","template":"","meta":{"footnotes":""},"class_list":["post-19886","page","type-page","status-publish","has-post-thumbnail","hentry"],"acf":[],"yoast_head":"<!-- This site is optimized with the Yoast SEO plugin v27.1.1 - https:\/\/yoast.com\/product\/yoast-seo-wordpress\/ -->\n<title>Ostelli a Tenerife, Gran Canaria e Ibiza | Nest Pass - Nests Hostels<\/title>\n<meta name=\"description\" content=\"10+ ostelli alle Canarie e Ibiza per backpackers e nomadi digitali. Risparmia il 30% con il Nest Pass. Costa Adeje, Puerto de la Cruz, Las Palmas, Ibiza e altro ancora. Prenota direttamente, miglior prezzo garantito!\" \/>\n<meta name=\"robots\" content=\"index, follow, max-snippet:-1, max-image-preview:large, max-video-preview:-1\" \/>\n<link rel=\"canonical\" href=\"https:\/\/test.nestshostels.com\/it\/\" \/>\n<meta property=\"og:locale\" content=\"it_IT\" \/>\n<meta property=\"og:type\" content=\"article\" \/>\n<meta property=\"og:title\" content=\"Ostelli a Tenerife, Gran Canaria e Ibiza | Nest Pass | Nests Hostels\" \/>\n<meta property=\"og:description\" content=\"La tua comunit\u00e0 di viaggio alle Canarie. 11 ostelli, 1 Nest Pass, avventure infinite. Risparmia il 30% e muoviti liberamente tra le isole. \ud83c\udf34\u2728\" \/>\n<meta property=\"og:url\" content=\"https:\/\/test.nestshostels.com\/it\/\" \/>\n<meta property=\"og:site_name\" content=\"Nests Hostels\" \/>\n<meta property=\"article:modified_time\" content=\"2026-01-23T07:28:04+00:00\" \/>\n<meta property=\"og:image\" content=\"https:\/\/nestshostels.com\/wp-content\/uploads\/2025\/10\/dos_islas_one_pass.jpg\" \/>\n\t<meta property=\"og:image:width\" content=\"1200\" \/>\n\t<meta property=\"og:image:height\" content=\"628\" \/>\n\t<meta property=\"og:image:type\" content=\"image\/jpeg\" \/>\n<meta name=\"twitter:card\" content=\"summary_large_image\" \/>\n<meta name=\"twitter:title\" content=\"Ostelli a Tenerife, Gran Canaria e Ibiza | Nest Pass | Nests Hostels\" \/>\n<meta name=\"twitter:description\" content=\"La tua comunit\u00e0 di viaggio alle Canarie. 11 ostelli, 1 Nest Pass, avventure infinite. Risparmia il 30% e muoviti liberamente tra le isole. \ud83c\udf34\u2728\" \/>\n<meta name=\"twitter:image\" content=\"https:\/\/test.nestshostels.com\/wp-content\/uploads\/2025\/10\/dos_islas_one_pass.jpg\" \/>\n<meta name=\"twitter:label1\" content=\"Tempo di lettura stimato\" \/>\n\t<meta name=\"twitter:data1\" content=\"2 minuti\" \/>\n<script type=\"application\/ld+json\" class=\"yoast-schema-graph\">{\"@context\":\"https:\/\/schema.org\",\"@graph\":[{\"@type\":\"WebPage\",\"@id\":\"https:\/\/test.nestshostels.com\/it\/\",\"url\":\"https:\/\/test.nestshostels.com\/it\/\",\"name\":\"Ostelli a Tenerife, Gran Canaria e Ibiza | Nest Pass - Nests Hostels\",\"isPartOf\":{\"@id\":\"https:\/\/nestshostels.com\/#website\"},\"primaryImageOfPage\":{\"@id\":\"https:\/\/test.nestshostels.com\/it\/#primaryimage\"},\"image\":{\"@id\":\"https:\/\/test.nestshostels.com\/it\/#primaryimage\"},\"thumbnailUrl\":\"https:\/\/test.nestshostels.com\/wp-content\/uploads\/2025\/10\/dos_islas_one_pass.jpg\",\"datePublished\":\"2024-11-14T11:41:53+00:00\",\"dateModified\":\"2026-01-23T07:28:04+00:00\",\"description\":\"10+ ostelli alle Canarie e Ibiza per backpackers e nomadi digitali. Risparmia il 30% con il Nest Pass. Costa Adeje, Puerto de la Cruz, Las Palmas, Ibiza e altro ancora. Prenota direttamente, miglior prezzo garantito!\",\"breadcrumb\":{\"@id\":\"https:\/\/test.nestshostels.com\/it\/#breadcrumb\"},\"inLanguage\":\"it-IT\",\"potentialAction\":[{\"@type\":\"ReadAction\",\"target\":[\"https:\/\/test.nestshostels.com\/it\/\"]}]},{\"@type\":\"ImageObject\",\"inLanguage\":\"it-IT\",\"@id\":\"https:\/\/test.nestshostels.com\/it\/#primaryimage\",\"url\":\"https:\/\/test.nestshostels.com\/wp-content\/uploads\/2025\/10\/dos_islas_one_pass.jpg\",\"contentUrl\":\"https:\/\/test.nestshostels.com\/wp-content\/uploads\/2025\/10\/dos_islas_one_pass.jpg\",\"width\":1200,\"height\":628,\"caption\":\"10+ Hostels en Tenerife, Gran Canaria e Ibiza | Nest Pass | Nests Hostels\"},{\"@type\":\"BreadcrumbList\",\"@id\":\"https:\/\/test.nestshostels.com\/it\/#breadcrumb\",\"itemListElement\":[{\"@type\":\"ListItem\",\"position\":1,\"name\":\"Portada\",\"item\":\"https:\/\/nestshostels.com\/it\/\"},{\"@type\":\"ListItem\",\"position\":2,\"name\":\"Home\"}]},{\"@type\":\"WebSite\",\"@id\":\"https:\/\/nestshostels.com\/#website\",\"url\":\"https:\/\/nestshostels.com\/\",\"name\":\"Nests Hostels\",\"description\":\"Tenerife Hostels for Travellers &amp; Digital Nomads\",\"potentialAction\":[{\"@type\":\"SearchAction\",\"target\":{\"@type\":\"EntryPoint\",\"urlTemplate\":\"https:\/\/nestshostels.com\/?s={search_term_string}\"},\"query-input\":{\"@type\":\"PropertyValueSpecification\",\"valueRequired\":true,\"valueName\":\"search_term_string\"}}],\"inLanguage\":\"it-IT\"}]}<\/script>\n<!-- \/ Yoast SEO plugin. -->","yoast_head_json":{"title":"Ostelli a Tenerife, Gran Canaria e Ibiza | Nest Pass - Nests Hostels","description":"10+ ostelli alle Canarie e Ibiza per backpackers e nomadi digitali. Risparmia il 30% con il Nest Pass. Costa Adeje, Puerto de la Cruz, Las Palmas, Ibiza e altro ancora. Prenota direttamente, miglior prezzo garantito!","robots":{"index":"index","follow":"follow","max-snippet":"max-snippet:-1","max-image-preview":"max-image-preview:large","max-video-preview":"max-video-preview:-1"},"canonical":"https:\/\/test.nestshostels.com\/it\/","og_locale":"it_IT","og_type":"article","og_title":"Ostelli a Tenerife, Gran Canaria e Ibiza | Nest Pass | Nests Hostels","og_description":"La tua comunit\u00e0 di viaggio alle Canarie. 11 ostelli, 1 Nest Pass, avventure infinite. Risparmia il 30% e muoviti liberamente tra le isole. \ud83c\udf34\u2728","og_url":"https:\/\/test.nestshostels.com\/it\/","og_site_name":"Nests Hostels","article_modified_time":"2026-01-23T07:28:04+00:00","og_image":[{"width":1200,"height":628,"url":"https:\/\/nestshostels.com\/wp-content\/uploads\/2025\/10\/dos_islas_one_pass.jpg","type":"image\/jpeg"}],"twitter_card":"summary_large_image","twitter_title":"Ostelli a Tenerife, Gran Canaria e Ibiza | Nest Pass | Nests Hostels","twitter_description":"La tua comunit\u00e0 di viaggio alle Canarie. 11 ostelli, 1 Nest Pass, avventure infinite. Risparmia il 30% e muoviti liberamente tra le isole. \ud83c\udf34\u2728","twitter_image":"https:\/\/test.nestshostels.com\/wp-content\/uploads\/2025\/10\/dos_islas_one_pass.jpg","twitter_misc":{"Tempo di lettura stimato":"2 minuti"},"schema":{"@context":"https:\/\/schema.org","@graph":[{"@type":"WebPage","@id":"https:\/\/test.nestshostels.com\/it\/","url":"https:\/\/test.nestshostels.com\/it\/","name":"Ostelli a Tenerife, Gran Canaria e Ibiza | Nest Pass - Nests Hostels","isPartOf":{"@id":"https:\/\/nestshostels.com\/#website"},"primaryImageOfPage":{"@id":"https:\/\/test.nestshostels.com\/it\/#primaryimage"},"image":{"@id":"https:\/\/test.nestshostels.com\/it\/#primaryimage"},"thumbnailUrl":"https:\/\/test.nestshostels.com\/wp-content\/uploads\/2025\/10\/dos_islas_one_pass.jpg","datePublished":"2024-11-14T11:41:53+00:00","dateModified":"2026-01-23T07:28:04+00:00","description":"10+ ostelli alle Canarie e Ibiza per backpackers e nomadi digitali. Risparmia il 30% con il Nest Pass. Costa Adeje, Puerto de la Cruz, Las Palmas, Ibiza e altro ancora. Prenota direttamente, miglior prezzo garantito!","breadcrumb":{"@id":"https:\/\/test.nestshostels.com\/it\/#breadcrumb"},"inLanguage":"it-IT","potentialAction":[{"@type":"ReadAction","target":["https:\/\/test.nestshostels.com\/it\/"]}]},{"@type":"ImageObject","inLanguage":"it-IT","@id":"https:\/\/test.nestshostels.com\/it\/#primaryimage","url":"https:\/\/test.nestshostels.com\/wp-content\/uploads\/2025\/10\/dos_islas_one_pass.jpg","contentUrl":"https:\/\/test.nestshostels.com\/wp-content\/uploads\/2025\/10\/dos_islas_one_pass.jpg","width":1200,"height":628,"caption":"10+ Hostels en Tenerife, Gran Canaria e Ibiza | Nest Pass | Nests Hostels"},{"@type":"BreadcrumbList","@id":"https:\/\/test.nestshostels.com\/it\/#breadcrumb","itemListElement":[{"@type":"ListItem","position":1,"name":"Portada","item":"https:\/\/nestshostels.com\/it\/"},{"@type":"ListItem","position":2,"name":"Home"}]},{"@type":"WebSite","@id":"https:\/\/nestshostels.com\/#website","url":"https:\/\/nestshostels.com\/","name":"Nests Hostels","description":"Tenerife Hostels for Travellers &amp; Digital Nomads","potentialAction":[{"@type":"SearchAction","target":{"@type":"EntryPoint","urlTemplate":"https:\/\/nestshostels.com\/?s={search_term_string}"},"query-input":{"@type":"PropertyValueSpecification","valueRequired":true,"valueName":"search_term_string"}}],"inLanguage":"it-IT"}]}},"_links":{"self":[{"href":"https:\/\/test.nestshostels.com\/it\/wp-json\/wp\/v2\/pages\/19886","targetHints":{"allow":["GET"]}}],"collection":[{"href":"https:\/\/test.nestshostels.com\/it\/wp-json\/wp\/v2\/pages"}],"about":[{"href":"https:\/\/test.nestshostels.com\/it\/wp-json\/wp\/v2\/types\/page"}],"author":[{"embeddable":true,"href":"https:\/\/test.nestshostels.com\/it\/wp-json\/wp\/v2\/users\/3"}],"replies":[{"embeddable":true,"href":"https:\/\/test.nestshostels.com\/it\/wp-json\/wp\/v2\/comments?post=19886"}],"version-history":[{"count":2,"href":"https:\/\/test.nestshostels.com\/it\/wp-json\/wp\/v2\/pages\/19886\/revisions"}],"predecessor-version":[{"id":19919,"href":"https:\/\/test.nestshostels.com\/it\/wp-json\/wp\/v2\/pages\/19886\/revisions\/19919"}],"wp:featuredmedia":[{"embeddable":true,"href":"https:\/\/test.nestshostels.com\/it\/wp-json\/wp\/v2\/media\/20409"}],"wp:attachment":[{"href":"https:\/\/test.nestshostels.com\/it\/wp-json\/wp\/v2\/media?parent=19886"}],"curies":[{"name":"wp","href":"https:\/\/api.w.org\/{rel}","templated":true}]}}